{"id":24,"date":"2025-12-07T19:03:13","date_gmt":"2025-12-07T19:03:13","guid":{"rendered":"https:\/\/cqrcustom.com\/sepet\/"},"modified":"2025-12-17T12:08:54","modified_gmt":"2025-12-17T09:08:54","slug":"sepet","status":"publish","type":"page","link":"https:\/\/cqrcustom.com\/en\/sepet\/","title":{"rendered":"Cart"},"content":{"rendered":"<div data-block-name=\"woocommerce\/cart\" class=\"wp-block-woocommerce-cart alignwide is-loading\">\n<div data-block-name=\"woocommerce\/filled-cart-block\" class=\"wp-block-woocommerce-filled-cart-block\">\n<div data-block-name=\"woocommerce\/cart-items-block\" class=\"wp-block-woocommerce-cart-items-block\">\n<div data-block-name=\"woocommerce\/cart-line-items-block\" class=\"wp-block-woocommerce-cart-line-items-block\"><\/div>\n\n\n<\/div>\n\n\n\n<div data-block-name=\"woocommerce\/cart-totals-block\" class=\"wp-block-woocommerce-cart-totals-block\">\n<div data-block-name=\"woocommerce\/cart-order-summary-block\" class=\"wp-block-woocommerce-cart-order-summary-block\">\n<div data-block-name=\"woocommerce\/cart-order-summary-heading-block\" data-content=\"Sepet toplamlar\u0131\" class=\"wp-block-woocommerce-cart-order-summary-heading-block\"><\/div>\n\n\n\n<div data-block-name=\"woocommerce\/cart-order-summary-coupon-form-block\" class=\"wp-block-woocommerce-cart-order-summary-coupon-form-block\"><\/div>\n\n\n\n<div data-block-name=\"woocommerce\/cart-order-summary-totals-block\" class=\"wp-block-woocommerce-cart-order-summary-totals-block\">\n<div data-block-name=\"woocommerce\/cart-order-summary-subtotal-block\" class=\"wp-block-woocommerce-cart-order-summary-subtotal-block\"><\/div>\n\n\n\n<div data-block-name=\"woocommerce\/cart-order-summary-fee-block\" class=\"wp-block-woocommerce-cart-order-summary-fee-block\"><\/div>\n\n\n\n<div data-block-name=\"woocommerce\/cart-order-summary-discount-block\" class=\"wp-block-woocommerce-cart-order-summary-discount-block\"><\/div>\n\n\n\n<div data-block-name=\"woocommerce\/cart-order-summary-shipping-block\" class=\"wp-block-woocommerce-cart-order-summary-shipping-block\"><\/div>\n\n\n\n<div data-block-name=\"woocommerce\/cart-order-summary-taxes-block\" class=\"wp-block-woocommerce-cart-order-summary-taxes-block\"><\/div>\n<\/div>\n<\/div>\n\n\n\n<div data-block-name=\"woocommerce\/cart-express-payment-block\" class=\"wp-block-woocommerce-cart-express-payment-block\"><\/div>\n\n\n\n<div data-block-name=\"woocommerce\/proceed-to-checkout-block\" class=\"wp-block-woocommerce-proceed-to-checkout-block\"><\/div>\n\n\n\n<div data-block-name=\"woocommerce\/cart-accepted-payment-methods-block\" class=\"wp-block-woocommerce-cart-accepted-payment-methods-block\"><\/div>\n<\/div>\n<\/div>\n\n\n\n<div data-block-name=\"woocommerce\/empty-cart-block\" class=\"wp-block-woocommerce-empty-cart-block\">\n<h2 class=\"wp-block-heading has-text-align-center with-empty-cart-icon wc-block-cart__empty-cart__title\">Your cart is currently empty!<\/h2>\n\n\n\n<hr class=\"wp-block-separator has-alpha-channel-opacity is-style-dots\"\/>\n\n\n\n<h2 class=\"wp-block-heading has-text-align-center\">New in store<\/h2>\n\n\n<div data-block-name=\"woocommerce\/product-new\" data-columns=\"4\" data-rows=\"1\" class=\"wc-block-grid wp-block-product-new wp-block-woocommerce-product-new wc-block-product-new has-4-columns\"><ul class=\"wc-block-grid__products\"><li class=\"wc-block-grid__product product-grid\">\n\t\t\t\t<div class=\"loop-image-wrap botiga-add-to-cart-button-layout1 botiga-quick-view-button-layout3\">\n\t\t\t\t\t<a href=\"https:\/\/cqrcustom.com\/en\/product\/seat-led-isikli-dekor\/\" class=\"wc-block-grid__product-link\" title=\"Select options\" data-no-translation-title=\"\">\n\t\t\t\t\t\t<div class=\"wc-block-grid__product-image\"><img loading=\"lazy\" decoding=\"async\" width=\"420\" height=\"420\" src=\"https:\/\/cqrcustom.com\/wp-content\/uploads\/2026\/02\/Seat-420x420.png\" class=\"attachment-woocommerce_thumbnail size-woocommerce_thumbnail\" alt=\"Seat LED I\u015f\u0131kl\u0131 Dekor\" srcset=\"https:\/\/cqrcustom.com\/wp-content\/uploads\/2026\/02\/Seat-420x420.png 420w, https:\/\/cqrcustom.com\/wp-content\/uploads\/2026\/02\/Seat-150x150.png 150w, https:\/\/cqrcustom.com\/wp-content\/uploads\/2026\/02\/Seat-100x100.png 100w\" sizes=\"auto, (max-width: 420px) 100vw, 420px\" \/><\/div>\n\t\t\t\t\t<\/a>\n\t<a href=\"#\" class=\"button botiga-quick-view-show-on-hover botiga-quick-view botiga-quick-view-layout3\" aria-label=\"Quick view the Seat LED I\u015f\u0131kl\u0131 Dekor product\" data-product-id=\"1469\" data-nonce=\"5a846aeebe\">\n\t\tQuick View\t<\/a>\n\t<\/div><a href=\"https:\/\/cqrcustom.com\/en\/product\/seat-led-isikli-dekor\/\" class=\"wc-block-grid__product-link\">\n\t\t\t\t\t<div class=\"wc-block-grid__product-title\">Seat LED I\u015f\u0131kl\u0131 Dekor<\/div>\n\t\t\t\t<\/a><div class=\"wc-block-grid__product-price price\"><span class=\"woocommerce-Price-amount amount\" aria-hidden=\"true\"><span class=\"woocommerce-Price-currencySymbol\">&#8378;<\/span>800,00<\/span> <span aria-hidden=\"true\">&ndash;<\/span> <span class=\"woocommerce-Price-amount amount\" aria-hidden=\"true\"><span class=\"woocommerce-Price-currencySymbol\">&#8378;<\/span>1.000,00<\/span><span class=\"screen-reader-text\" data-no-translation=\"\" data-trp-gettext=\"\">Price range: &#8378;800,00 through &#8378;1.000,00<\/span><\/div><\/li><li class=\"wc-block-grid__product product-grid\">\n\t\t\t\t<div class=\"loop-image-wrap botiga-add-to-cart-button-layout1 botiga-quick-view-button-layout3\">\n\t\t\t\t\t<a href=\"https:\/\/cqrcustom.com\/en\/product\/renault-led-isikli-dekor\/\" class=\"wc-block-grid__product-link\" title=\"Select options\" data-no-translation-title=\"\">\n\t\t\t\t\t\t<div class=\"wc-block-grid__product-image\"><img loading=\"lazy\" decoding=\"async\" width=\"420\" height=\"420\" src=\"https:\/\/cqrcustom.com\/wp-content\/uploads\/2026\/02\/Renault-420x420.png\" class=\"attachment-woocommerce_thumbnail size-woocommerce_thumbnail\" alt=\"Renault LED I\u015f\u0131kl\u0131 Dekor\" srcset=\"https:\/\/cqrcustom.com\/wp-content\/uploads\/2026\/02\/Renault-420x420.png 420w, https:\/\/cqrcustom.com\/wp-content\/uploads\/2026\/02\/Renault-150x150.png 150w, https:\/\/cqrcustom.com\/wp-content\/uploads\/2026\/02\/Renault-100x100.png 100w\" sizes=\"auto, (max-width: 420px) 100vw, 420px\" \/><\/div>\n\t\t\t\t\t<\/a>\n\t<a href=\"#\" class=\"button botiga-quick-view-show-on-hover botiga-quick-view botiga-quick-view-layout3\" aria-label=\"Quick view the Renault LED I\u015f\u0131kl\u0131 Dekor product\" data-product-id=\"1466\" data-nonce=\"5a846aeebe\">\n\t\tQuick View\t<\/a>\n\t<\/div><a href=\"https:\/\/cqrcustom.com\/en\/product\/renault-led-isikli-dekor\/\" class=\"wc-block-grid__product-link\">\n\t\t\t\t\t<div class=\"wc-block-grid__product-title\">Renault LED I\u015f\u0131kl\u0131 Dekor<\/div>\n\t\t\t\t<\/a><div class=\"wc-block-grid__product-price price\"><span class=\"woocommerce-Price-amount amount\" aria-hidden=\"true\"><span class=\"woocommerce-Price-currencySymbol\">&#8378;<\/span>800,00<\/span> <span aria-hidden=\"true\">&ndash;<\/span> <span class=\"woocommerce-Price-amount amount\" aria-hidden=\"true\"><span class=\"woocommerce-Price-currencySymbol\">&#8378;<\/span>1.000,00<\/span><span class=\"screen-reader-text\" data-no-translation=\"\" data-trp-gettext=\"\">Price range: &#8378;800,00 through &#8378;1.000,00<\/span><\/div><\/li><li class=\"wc-block-grid__product product-grid\">\n\t\t\t\t<div class=\"loop-image-wrap botiga-add-to-cart-button-layout1 botiga-quick-view-button-layout3\">\n\t\t\t\t\t<a href=\"https:\/\/cqrcustom.com\/en\/product\/toyota-led-isikli-dekor\/\" class=\"wc-block-grid__product-link\" title=\"Select options\" data-no-translation-title=\"\">\n\t\t\t\t\t\t<div class=\"wc-block-grid__product-image\"><img loading=\"lazy\" decoding=\"async\" width=\"420\" height=\"420\" src=\"https:\/\/cqrcustom.com\/wp-content\/uploads\/2026\/02\/Toyota-420x420.png\" class=\"attachment-woocommerce_thumbnail size-woocommerce_thumbnail\" alt=\"Toyota LED I\u015f\u0131kl\u0131 Dekor\" srcset=\"https:\/\/cqrcustom.com\/wp-content\/uploads\/2026\/02\/Toyota-420x420.png 420w, https:\/\/cqrcustom.com\/wp-content\/uploads\/2026\/02\/Toyota-150x150.png 150w, https:\/\/cqrcustom.com\/wp-content\/uploads\/2026\/02\/Toyota-100x100.png 100w\" sizes=\"auto, (max-width: 420px) 100vw, 420px\" \/><\/div>\n\t\t\t\t\t<\/a>\n\t<a href=\"#\" class=\"button botiga-quick-view-show-on-hover botiga-quick-view botiga-quick-view-layout3\" aria-label=\"Quick view the Toyota LED I\u015f\u0131kl\u0131 Dekor product\" data-product-id=\"1463\" data-nonce=\"5a846aeebe\">\n\t\tQuick View\t<\/a>\n\t<\/div><a href=\"https:\/\/cqrcustom.com\/en\/product\/toyota-led-isikli-dekor\/\" class=\"wc-block-grid__product-link\">\n\t\t\t\t\t<div class=\"wc-block-grid__product-title\">Toyota LED I\u015f\u0131kl\u0131 Dekor<\/div>\n\t\t\t\t<\/a><div class=\"wc-block-grid__product-price price\"><span class=\"woocommerce-Price-amount amount\" aria-hidden=\"true\"><span class=\"woocommerce-Price-currencySymbol\">&#8378;<\/span>800,00<\/span> <span aria-hidden=\"true\">&ndash;<\/span> <span class=\"woocommerce-Price-amount amount\" aria-hidden=\"true\"><span class=\"woocommerce-Price-currencySymbol\">&#8378;<\/span>1.000,00<\/span><span class=\"screen-reader-text\" data-no-translation=\"\" data-trp-gettext=\"\">Price range: &#8378;800,00 through &#8378;1.000,00<\/span><\/div><\/li><li class=\"wc-block-grid__product product-grid\">\n\t\t\t\t<div class=\"loop-image-wrap botiga-add-to-cart-button-layout1 botiga-quick-view-button-layout3\">\n\t\t\t\t\t<a href=\"https:\/\/cqrcustom.com\/en\/product\/mercedes-benz-led-isikli-dekor\/\" class=\"wc-block-grid__product-link\" title=\"Select options\" data-no-translation-title=\"\">\n\t\t\t\t\t\t<div class=\"wc-block-grid__product-image\"><img loading=\"lazy\" decoding=\"async\" width=\"420\" height=\"420\" src=\"https:\/\/cqrcustom.com\/wp-content\/uploads\/2026\/02\/Mercedes-420x420.png\" class=\"attachment-woocommerce_thumbnail size-woocommerce_thumbnail\" alt=\"Mercedes-Benz LED I\u015f\u0131kl\u0131 Dekor\" srcset=\"https:\/\/cqrcustom.com\/wp-content\/uploads\/2026\/02\/Mercedes-420x420.png 420w, https:\/\/cqrcustom.com\/wp-content\/uploads\/2026\/02\/Mercedes-150x150.png 150w, https:\/\/cqrcustom.com\/wp-content\/uploads\/2026\/02\/Mercedes-100x100.png 100w\" sizes=\"auto, (max-width: 420px) 100vw, 420px\" \/><\/div>\n\t\t\t\t\t<\/a>\n\t<a href=\"#\" class=\"button botiga-quick-view-show-on-hover botiga-quick-view botiga-quick-view-layout3\" aria-label=\"Quick view the Mercedes-Benz LED I\u015f\u0131kl\u0131 Dekor product\" data-product-id=\"1456\" data-nonce=\"5a846aeebe\">\n\t\tQuick View\t<\/a>\n\t<\/div><a href=\"https:\/\/cqrcustom.com\/en\/product\/mercedes-benz-led-isikli-dekor\/\" class=\"wc-block-grid__product-link\">\n\t\t\t\t\t<div class=\"wc-block-grid__product-title\">Mercedes-Benz LED I\u015f\u0131kl\u0131 Dekor<\/div>\n\t\t\t\t<\/a><div class=\"wc-block-grid__product-price price\"><span class=\"woocommerce-Price-amount amount\" aria-hidden=\"true\"><span class=\"woocommerce-Price-currencySymbol\">&#8378;<\/span>800,00<\/span> <span aria-hidden=\"true\">&ndash;<\/span> <span class=\"woocommerce-Price-amount amount\" aria-hidden=\"true\"><span class=\"woocommerce-Price-currencySymbol\">&#8378;<\/span>1.000,00<\/span><span class=\"screen-reader-text\" data-no-translation=\"\" data-trp-gettext=\"\">Price range: &#8378;800,00 through &#8378;1.000,00<\/span><\/div><\/li><\/ul><\/div><\/div>\n<\/div>\n\n\n\n<p><\/p>","protected":false},"excerpt":{"rendered":"","protected":false},"author":1,"featured_media":0,"parent":0,"menu_order":0,"comment_status":"closed","ping_status":"closed","template":"","meta":{"footnotes":""},"class_list":["post-24","page","type-page","status-publish","hentry"],"aioseo_notices":[],"_links":{"self":[{"href":"https:\/\/cqrcustom.com\/en\/wp-json\/wp\/v2\/pages\/24","targetHints":{"allow":["GET"]}}],"collection":[{"href":"https:\/\/cqrcustom.com\/en\/wp-json\/wp\/v2\/pages"}],"about":[{"href":"https:\/\/cqrcustom.com\/en\/wp-json\/wp\/v2\/types\/page"}],"author":[{"embeddable":true,"href":"https:\/\/cqrcustom.com\/en\/wp-json\/wp\/v2\/users\/1"}],"replies":[{"embeddable":true,"href":"https:\/\/cqrcustom.com\/en\/wp-json\/wp\/v2\/comments?post=24"}],"version-history":[{"count":0,"href":"https:\/\/cqrcustom.com\/en\/wp-json\/wp\/v2\/pages\/24\/revisions"}],"wp:attachment":[{"href":"https:\/\/cqrcustom.com\/en\/wp-json\/wp\/v2\/media?parent=24"}],"curies":[{"name":"wp","href":"https:\/\/api.w.org\/{rel}","templated":true}]}}