{"id":1136,"date":"2026-01-13T17:44:13","date_gmt":"2026-01-13T14:44:13","guid":{"rendered":"https:\/\/cqrcustom.com\/?post_type=product&#038;p=1136"},"modified":"2026-02-10T02:36:24","modified_gmt":"2026-02-09T23:36:24","slug":"led-isikli-dekor","status":"publish","type":"product","link":"https:\/\/cqrcustom.com\/en\/product\/led-isikli-dekor\/","title":{"rendered":"TURK LED Decor"},"content":{"rendered":"<p><strong>Box Contents<\/strong><br \/>\n1 Adet \u00a0kaz\u0131mal\u0131 150x120x3.8 mm boyutunda k\u0131rm\u0131z\u0131 saydam pleksi,<br \/>\n1 100x42x35 mm wooden stand with LED,<br \/>\n1 USB-A power cable.<\/p>","protected":false},"excerpt":{"rendered":"<p data-path-to-node=\"4,0\"><b data-path-to-node=\"4,0\" data-index-in-node=\"0\">T\u00fcrk&#8217;l\u00fc\u011f\u00fc derinden hissettiren G\u00f6kt\u00fcrk\u00e7e &#8220;T\u00dcRK&#8221; kelimesini modern \u00e7izgilerle bulu\u015fturan bu dekoratif ayd\u0131nlatma, ya\u015fam alanlar\u0131n\u0131za anlaml\u0131 ve \u015f\u0131k bir atmosfer kat\u0131yor.<\/b><\/p>\n<p data-path-to-node=\"4,1\">\u2022\u00a0<b data-path-to-node=\"4,1\" data-index-in-node=\"2\">Premium Material:<\/b>\u00a0Made of 3.8 mm thick, red transparent plexi with high light transmittance.<br \/>\n\u2022\u00a0<b data-path-to-node=\"4,1\" data-index-in-node=\"107\">Natural Touch<\/b>\u00a0The 150 mm wide, carefully sanded, handcrafted solid wood base feels natural.<br \/>\n\u2022\u00a0<b data-path-to-node=\"4,1\" data-index-in-node=\"219\">New Generation Lighting:<\/b>\u00a012V COB LED technology is used, which is brighter, more homogeneous and longer lasting than conventional LEDs.<br \/>\n\u2022\u00a0<b data-path-to-node=\"4,1\" data-index-in-node=\"338\">Permanent Scars<\/b> T\u00fcrk&#8217;l\u00fc\u011f\u00fc derinden hissettiren G\u00f6kt\u00fcrk\u00e7e &#8220;T\u00dcRK&#8221; kelimesi, pleksiye hassas lazer kaz\u0131ma y\u00f6ntemiyle i\u015flenmi\u015ftir; asla silinmez, y\u0131llar ge\u00e7se de netli\u011fini korur.<\/p>","protected":false},"featured_media":1304,"comment_status":"open","ping_status":"closed","template":"","meta":[],"product_brand":[],"product_cat":[18,37],"product_tag":[],"class_list":{"0":"post-1136","1":"product","2":"type-product","3":"status-publish","4":"has-post-thumbnail","6":"product_cat-genel","7":"product_cat-led","9":"first","10":"instock","11":"sale","12":"taxable","13":"shipping-taxable","14":"purchasable","15":"product-type-simple"},"aioseo_notices":[],"_links":{"self":[{"href":"https:\/\/cqrcustom.com\/en\/wp-json\/wp\/v2\/product\/1136","targetHints":{"allow":["GET"]}}],"collection":[{"href":"https:\/\/cqrcustom.com\/en\/wp-json\/wp\/v2\/product"}],"about":[{"href":"https:\/\/cqrcustom.com\/en\/wp-json\/wp\/v2\/types\/product"}],"replies":[{"embeddable":true,"href":"https:\/\/cqrcustom.com\/en\/wp-json\/wp\/v2\/comments?post=1136"}],"wp:featuredmedia":[{"embeddable":true,"href":"https:\/\/cqrcustom.com\/en\/wp-json\/wp\/v2\/media\/1304"}],"wp:attachment":[{"href":"https:\/\/cqrcustom.com\/en\/wp-json\/wp\/v2\/media?parent=1136"}],"wp:term":[{"taxonomy":"product_brand","embeddable":true,"href":"https:\/\/cqrcustom.com\/en\/wp-json\/wp\/v2\/product_brand?post=1136"},{"taxonomy":"product_cat","embeddable":true,"href":"https:\/\/cqrcustom.com\/en\/wp-json\/wp\/v2\/product_cat?post=1136"},{"taxonomy":"product_tag","embeddable":true,"href":"https:\/\/cqrcustom.com\/en\/wp-json\/wp\/v2\/product_tag?post=1136"}],"curies":[{"name":"wp","href":"https:\/\/api.w.org\/{rel}","templated":true}]}}