{"id":1438,"date":"2026-02-10T01:26:37","date_gmt":"2026-02-09T22:26:37","guid":{"rendered":"https:\/\/cqrcustom.com\/?post_type=product&#038;p=1438"},"modified":"2026-02-10T01:28:23","modified_gmt":"2026-02-09T22:28:23","slug":"san-francisco-49ers-led-isikli-dekor","status":"publish","type":"product","link":"https:\/\/cqrcustom.com\/en\/product\/san-francisco-49ers-led-isikli-dekor\/","title":{"rendered":"San Francisco 49ers LED I\u015f\u0131kl\u0131 Dekor"},"content":{"rendered":"<p><strong>Box Contents<\/strong><br \/>\n1 Engraved Red Transparent Acrylic Panel (in selected size)<br \/>\n1 Wooden LED Base (in selected size)<br \/>\n1 USB-A power cable.<\/p>","protected":false},"excerpt":{"rendered":"<p data-path-to-node=\"8,0\"><b data-path-to-node=\"8,0\" data-index-in-node=\"0\">Featuring sleek modern lines, this decorative light blends your team spirit with a minimalist aesthetic.<\/b><\/p>\n<p>\u2022\u00a0<strong>Premium Material:<\/strong>\u00a03.8 mm thick red transparent plexi with high light transmission.<b data-path-to-node=\"8,0\" data-index-in-node=\"0\"><br \/>\n- Natural Touch:\u00a0<\/b>Carefully sanded, handcrafted solid wood base.<b data-path-to-node=\"8,0\" data-index-in-node=\"0\"><br \/>\n- New Generation Lighting:<\/b>\u00a012V COB LED technology that is brighter and longer lasting than conventional LEDs.<b data-path-to-node=\"8,0\" data-index-in-node=\"0\"><br \/>\n- Permanent Art:\u00a0<\/b>Your favorite team's logo is precision laser-engraved onto the acrylic, ensuring a permanent design that will never fade or peel over time.<\/p>","protected":false},"featured_media":1386,"comment_status":"open","ping_status":"closed","template":"","meta":[],"product_brand":[],"product_cat":[53,18,37],"product_tag":[],"class_list":{"0":"post-1438","1":"product","2":"type-product","3":"status-publish","4":"has-post-thumbnail","6":"product_cat-amerikan-futbolu-takimlari","7":"product_cat-genel","8":"product_cat-led","10":"first","11":"instock","12":"taxable","13":"shipping-taxable","14":"purchasable","15":"product-type-variable"},"aioseo_notices":[],"_links":{"self":[{"href":"https:\/\/cqrcustom.com\/en\/wp-json\/wp\/v2\/product\/1438","targetHints":{"allow":["GET"]}}],"collection":[{"href":"https:\/\/cqrcustom.com\/en\/wp-json\/wp\/v2\/product"}],"about":[{"href":"https:\/\/cqrcustom.com\/en\/wp-json\/wp\/v2\/types\/product"}],"replies":[{"embeddable":true,"href":"https:\/\/cqrcustom.com\/en\/wp-json\/wp\/v2\/comments?post=1438"}],"wp:featuredmedia":[{"embeddable":true,"href":"https:\/\/cqrcustom.com\/en\/wp-json\/wp\/v2\/media\/1386"}],"wp:attachment":[{"href":"https:\/\/cqrcustom.com\/en\/wp-json\/wp\/v2\/media?parent=1438"}],"wp:term":[{"taxonomy":"product_brand","embeddable":true,"href":"https:\/\/cqrcustom.com\/en\/wp-json\/wp\/v2\/product_brand?post=1438"},{"taxonomy":"product_cat","embeddable":true,"href":"https:\/\/cqrcustom.com\/en\/wp-json\/wp\/v2\/product_cat?post=1438"},{"taxonomy":"product_tag","embeddable":true,"href":"https:\/\/cqrcustom.com\/en\/wp-json\/wp\/v2\/product_tag?post=1438"}],"curies":[{"name":"wp","href":"https:\/\/api.w.org\/{rel}","templated":true}]}}