{"id":1466,"date":"2026-02-10T02:13:32","date_gmt":"2026-02-09T23:13:32","guid":{"rendered":"https:\/\/cqrcustom.com\/?post_type=product&#038;p=1466"},"modified":"2026-02-10T02:13:55","modified_gmt":"2026-02-09T23:13:55","slug":"renault-led-isikli-dekor","status":"publish","type":"product","link":"https:\/\/cqrcustom.com\/en\/product\/renault-led-isikli-dekor\/","title":{"rendered":"Renault LED I\u015f\u0131kl\u0131 Dekor"},"content":{"rendered":"<p><strong>Box Contents<\/strong><br \/>\n1 Adet se\u00e7ti\u011finiz boyutta kaz\u0131mal\u0131 k\u0131rm\u0131z\u0131 saydam pleksi,<br \/>\n1 Wooden LED Base (in selected size)<br \/>\n1 USB-A power cable.<\/p>","protected":false},"excerpt":{"rendered":"<p data-path-to-node=\"8,0\"><b data-path-to-node=\"8,0\" data-index-in-node=\"0\">This decorative lighting with modern lines combines the iconic brand spirit with minimalist aesthetics.<\/b><\/p>\n<p>\u2022 <strong>Premium Material:<\/strong> 3.8 mm thick red transparent plexi with high light transmission.<b data-path-to-node=\"8,0\" data-index-in-node=\"0\"><br \/>\n- Natural Touch: <\/b>150 mm wide, carefully sanded, handcrafted solid wood base.<b data-path-to-node=\"8,0\" data-index-in-node=\"0\"><br \/>\n- New Generation Lighting:<\/b>\u00a012V COB LED technology that is brighter and longer lasting than conventional LEDs.<b data-path-to-node=\"8,0\" data-index-in-node=\"0\"><br \/>\n- Permanent Art: <\/b>The logo of the brand you are a fan of is engraved on the plexi with precision laser engraving, it will not be erased over time.<b data-path-to-node=\"8,0\" data-index-in-node=\"0\"><br \/>\n<\/b><\/p>","protected":false},"featured_media":1460,"comment_status":"open","ping_status":"closed","template":"","meta":[],"product_brand":[],"product_cat":[37,39],"product_tag":[],"class_list":{"0":"post-1466","1":"product","2":"type-product","3":"status-publish","4":"has-post-thumbnail","6":"product_cat-led","7":"product_cat-otomobil-markalari","9":"first","10":"instock","11":"taxable","12":"shipping-taxable","13":"purchasable","14":"product-type-variable"},"aioseo_notices":[],"_links":{"self":[{"href":"https:\/\/cqrcustom.com\/en\/wp-json\/wp\/v2\/product\/1466","targetHints":{"allow":["GET"]}}],"collection":[{"href":"https:\/\/cqrcustom.com\/en\/wp-json\/wp\/v2\/product"}],"about":[{"href":"https:\/\/cqrcustom.com\/en\/wp-json\/wp\/v2\/types\/product"}],"replies":[{"embeddable":true,"href":"https:\/\/cqrcustom.com\/en\/wp-json\/wp\/v2\/comments?post=1466"}],"wp:featuredmedia":[{"embeddable":true,"href":"https:\/\/cqrcustom.com\/en\/wp-json\/wp\/v2\/media\/1460"}],"wp:attachment":[{"href":"https:\/\/cqrcustom.com\/en\/wp-json\/wp\/v2\/media?parent=1466"}],"wp:term":[{"taxonomy":"product_brand","embeddable":true,"href":"https:\/\/cqrcustom.com\/en\/wp-json\/wp\/v2\/product_brand?post=1466"},{"taxonomy":"product_cat","embeddable":true,"href":"https:\/\/cqrcustom.com\/en\/wp-json\/wp\/v2\/product_cat?post=1466"},{"taxonomy":"product_tag","embeddable":true,"href":"https:\/\/cqrcustom.com\/en\/wp-json\/wp\/v2\/product_tag?post=1466"}],"curies":[{"name":"wp","href":"https:\/\/api.w.org\/{rel}","templated":true}]}}